{"id":358,"date":"2025-07-08T14:06:55","date_gmt":"2025-07-08T14:06:55","guid":{"rendered":"http:\/\/trialtoursportugal.com\/?page_id=358"},"modified":"2026-01-13T09:23:50","modified_gmt":"2026-01-13T09:23:50","slug":"decouvrir-le-portugal","status":"publish","type":"page","link":"https:\/\/trialtoursportugal.com\/?page_id=358","title":{"rendered":"D\u00e9couvrir le Portugal"},"content":{"rendered":"\n<p><\/p>\n\n\n\n<p class=\"has-text-align-center has-white-color has-text-color has-link-color wp-elements-13ccf5b4b6c29c9d17d121846c1a0522\"><\/p>\n\n\n\n<p class=\"has-text-align-center\"><mark style=\"background-color:rgba(0, 0, 0, 0)\" class=\"has-inline-color has-white-color\">Entre villages typiques, traditions, gastronomie et paysages vari\u00e9s, le Portugal offre un d\u00e9paysement \u00e0 seulement 2 heures \u00e0 vol d&#8217;avion<\/mark>.<\/p>\n\n\n\n<p><mark style=\"background-color:rgba(0, 0, 0, 0)\" class=\"has-inline-color has-white-color\">Le Portugal nous offre une combinaison parfaite de libert\u00e9, d&#8217;\u00e9vasion, d&#8217;aventure et de d\u00e9couvertes culturelles et culinaires.<\/mark><\/p>\n\n\n\n<p class=\"has-text-align-center\"><mark style=\"background-color:rgba(0, 0, 0, 0)\" class=\"has-inline-color has-white-color\">Le nord du Portugal est notre r\u00e9gion coup de c\u0153ur. <\/mark><\/p>\n\n\n\n<p class=\"has-text-align-center\"><mark style=\"background-color:rgba(0, 0, 0, 0)\" class=\"has-inline-color has-white-color\">On y retrouve les villes de&nbsp;<strong>Porto<\/strong>, <strong>Braga<\/strong>, <strong>Barcelos<\/strong>, <strong>Viana do Castelo<\/strong> ou encore <strong>Guimar\u00e3es<\/strong>. <\/mark><\/p>\n\n\n\n<p class=\"has-text-align-center\"><mark style=\"background-color:rgba(0, 0, 0, 0)\" class=\"has-inline-color has-white-color\">Le nord accueille \u00e9galement le&nbsp;Parc national de <strong>Peneda-Ger\u00eas<\/strong>&nbsp;: un site vraiment incroyable.<\/mark><\/p>\n\n\n\n<p class=\"has-text-align-center\"><mark style=\"background-color:rgba(0, 0, 0, 0)\" class=\"has-inline-color has-white-color\">Et sans oublier&#8230; l&#8217;oc\u00e9an !<\/mark><\/p>\n\n\n\n<p class=\"has-text-align-center has-white-color has-text-color has-link-color wp-elements-a0fd13dc322b84c78842489347196ffb\"><mark style=\"background-color:rgba(0, 0, 0, 0)\" class=\"has-inline-color has-white-color\"><strong>Venez voir par vous m\u00eame, vous serez conquis !<\/strong><\/mark><\/p>\n\n\n\n<p class=\"has-white-color has-text-color has-link-color wp-elements-89600f594f7bde43c6d456ca8477447b\"><br><\/p>\n\n\n\n<figure class=\"wp-block-gallery has-nested-images columns-default is-cropped wp-block-gallery-1 is-layout-flex wp-block-gallery-is-layout-flex\">\n<figure class=\"wp-block-image size-large\"><img loading=\"lazy\" decoding=\"async\" width=\"768\" height=\"1024\" data-id=\"581\" src=\"https:\/\/trialtoursportugal.com\/wp-content\/uploads\/2026\/01\/20251118_161056-768x1024.jpg\" alt=\"\" class=\"wp-image-581\" srcset=\"https:\/\/trialtoursportugal.com\/wp-content\/uploads\/2026\/01\/20251118_161056-768x1024.jpg 768w, https:\/\/trialtoursportugal.com\/wp-content\/uploads\/2026\/01\/20251118_161056-225x300.jpg 225w, https:\/\/trialtoursportugal.com\/wp-content\/uploads\/2026\/01\/20251118_161056-1152x1536.jpg 1152w, https:\/\/trialtoursportugal.com\/wp-content\/uploads\/2026\/01\/20251118_161056-1536x2048.jpg 1536w, https:\/\/trialtoursportugal.com\/wp-content\/uploads\/2026\/01\/20251118_161056-scaled.jpg 1920w\" sizes=\"auto, (max-width: 768px) 100vw, 768px\" \/><\/figure>\n\n\n\n<figure class=\"wp-block-image size-large\"><img loading=\"lazy\" decoding=\"async\" width=\"768\" height=\"1024\" data-id=\"556\" src=\"https:\/\/trialtoursportugal.com\/wp-content\/uploads\/2026\/01\/20251118_142117-768x1024.jpg\" alt=\"\" class=\"wp-image-556\" srcset=\"https:\/\/trialtoursportugal.com\/wp-content\/uploads\/2026\/01\/20251118_142117-768x1024.jpg 768w, https:\/\/trialtoursportugal.com\/wp-content\/uploads\/2026\/01\/20251118_142117-225x300.jpg 225w, https:\/\/trialtoursportugal.com\/wp-content\/uploads\/2026\/01\/20251118_142117-1152x1536.jpg 1152w, https:\/\/trialtoursportugal.com\/wp-content\/uploads\/2026\/01\/20251118_142117-1536x2048.jpg 1536w, https:\/\/trialtoursportugal.com\/wp-content\/uploads\/2026\/01\/20251118_142117-scaled.jpg 1920w\" sizes=\"auto, (max-width: 768px) 100vw, 768px\" \/><\/figure>\n\n\n\n<figure class=\"wp-block-image size-large\"><img loading=\"lazy\" decoding=\"async\" width=\"768\" height=\"1024\" data-id=\"557\" src=\"https:\/\/trialtoursportugal.com\/wp-content\/uploads\/2026\/01\/20251118_134320-768x1024.jpg\" alt=\"\" class=\"wp-image-557\" srcset=\"https:\/\/trialtoursportugal.com\/wp-content\/uploads\/2026\/01\/20251118_134320-768x1024.jpg 768w, https:\/\/trialtoursportugal.com\/wp-content\/uploads\/2026\/01\/20251118_134320-225x300.jpg 225w, https:\/\/trialtoursportugal.com\/wp-content\/uploads\/2026\/01\/20251118_134320-1152x1536.jpg 1152w, https:\/\/trialtoursportugal.com\/wp-content\/uploads\/2026\/01\/20251118_134320-1536x2048.jpg 1536w, https:\/\/trialtoursportugal.com\/wp-content\/uploads\/2026\/01\/20251118_134320-scaled.jpg 1920w\" sizes=\"auto, (max-width: 768px) 100vw, 768px\" \/><\/figure>\n\n\n\n<figure class=\"wp-block-image size-large\"><img loading=\"lazy\" decoding=\"async\" width=\"768\" height=\"1024\" data-id=\"583\" src=\"https:\/\/trialtoursportugal.com\/wp-content\/uploads\/2026\/01\/20251118_161341-768x1024.jpg\" alt=\"\" class=\"wp-image-583\" srcset=\"https:\/\/trialtoursportugal.com\/wp-content\/uploads\/2026\/01\/20251118_161341-768x1024.jpg 768w, https:\/\/trialtoursportugal.com\/wp-content\/uploads\/2026\/01\/20251118_161341-225x300.jpg 225w, https:\/\/trialtoursportugal.com\/wp-content\/uploads\/2026\/01\/20251118_161341-1152x1536.jpg 1152w, https:\/\/trialtoursportugal.com\/wp-content\/uploads\/2026\/01\/20251118_161341-1536x2048.jpg 1536w, https:\/\/trialtoursportugal.com\/wp-content\/uploads\/2026\/01\/20251118_161341-scaled.jpg 1920w\" sizes=\"auto, (max-width: 768px) 100vw, 768px\" \/><\/figure>\n\n\n\n<figure class=\"wp-block-image size-large\"><img loading=\"lazy\" decoding=\"async\" width=\"768\" height=\"1024\" data-id=\"553\" src=\"https:\/\/trialtoursportugal.com\/wp-content\/uploads\/2026\/01\/20251010_185527-768x1024.jpg\" alt=\"\" class=\"wp-image-553\" srcset=\"https:\/\/trialtoursportugal.com\/wp-content\/uploads\/2026\/01\/20251010_185527-768x1024.jpg 768w, https:\/\/trialtoursportugal.com\/wp-content\/uploads\/2026\/01\/20251010_185527-225x300.jpg 225w, https:\/\/trialtoursportugal.com\/wp-content\/uploads\/2026\/01\/20251010_185527-1152x1536.jpg 1152w, https:\/\/trialtoursportugal.com\/wp-content\/uploads\/2026\/01\/20251010_185527-1536x2048.jpg 1536w, https:\/\/trialtoursportugal.com\/wp-content\/uploads\/2026\/01\/20251010_185527-scaled.jpg 1920w\" sizes=\"auto, (max-width: 768px) 100vw, 768px\" \/><\/figure>\n\n\n\n<figure class=\"wp-block-image size-large\"><img loading=\"lazy\" decoding=\"async\" width=\"768\" height=\"1024\" data-id=\"548\" src=\"https:\/\/trialtoursportugal.com\/wp-content\/uploads\/2026\/01\/IMG-20251124-WA0009-768x1024.jpg\" alt=\"\" class=\"wp-image-548\" srcset=\"https:\/\/trialtoursportugal.com\/wp-content\/uploads\/2026\/01\/IMG-20251124-WA0009-768x1024.jpg 768w, https:\/\/trialtoursportugal.com\/wp-content\/uploads\/2026\/01\/IMG-20251124-WA0009-225x300.jpg 225w, https:\/\/trialtoursportugal.com\/wp-content\/uploads\/2026\/01\/IMG-20251124-WA0009-1152x1536.jpg 1152w, https:\/\/trialtoursportugal.com\/wp-content\/uploads\/2026\/01\/IMG-20251124-WA0009.jpg 1200w\" sizes=\"auto, (max-width: 768px) 100vw, 768px\" \/><\/figure>\n\n\n\n<figure class=\"wp-block-image size-large\"><img loading=\"lazy\" decoding=\"async\" width=\"768\" height=\"1024\" data-id=\"493\" src=\"https:\/\/trialtoursportugal.com\/wp-content\/uploads\/2025\/12\/IMG-20251125-WA0003-768x1024.jpg\" alt=\"\" class=\"wp-image-493\" srcset=\"https:\/\/trialtoursportugal.com\/wp-content\/uploads\/2025\/12\/IMG-20251125-WA0003-768x1024.jpg 768w, https:\/\/trialtoursportugal.com\/wp-content\/uploads\/2025\/12\/IMG-20251125-WA0003-225x300.jpg 225w, https:\/\/trialtoursportugal.com\/wp-content\/uploads\/2025\/12\/IMG-20251125-WA0003-1152x1536.jpg 1152w, https:\/\/trialtoursportugal.com\/wp-content\/uploads\/2025\/12\/IMG-20251125-WA0003.jpg 1200w\" sizes=\"auto, (max-width: 768px) 100vw, 768px\" \/><\/figure>\n\n\n\n<figure class=\"wp-block-image size-large\"><img loading=\"lazy\" decoding=\"async\" width=\"1024\" height=\"768\" data-id=\"470\" src=\"https:\/\/trialtoursportugal.com\/wp-content\/uploads\/2025\/10\/IMG-20251029-WA0014-1-1024x768.jpg\" alt=\"\" class=\"wp-image-470\" srcset=\"https:\/\/trialtoursportugal.com\/wp-content\/uploads\/2025\/10\/IMG-20251029-WA0014-1-1024x768.jpg 1024w, https:\/\/trialtoursportugal.com\/wp-content\/uploads\/2025\/10\/IMG-20251029-WA0014-1-300x225.jpg 300w, https:\/\/trialtoursportugal.com\/wp-content\/uploads\/2025\/10\/IMG-20251029-WA0014-1-768x576.jpg 768w, https:\/\/trialtoursportugal.com\/wp-content\/uploads\/2025\/10\/IMG-20251029-WA0014-1-1536x1152.jpg 1536w, https:\/\/trialtoursportugal.com\/wp-content\/uploads\/2025\/10\/IMG-20251029-WA0014-1-124x93.jpg 124w, https:\/\/trialtoursportugal.com\/wp-content\/uploads\/2025\/10\/IMG-20251029-WA0014-1.jpg 1600w\" sizes=\"auto, (max-width: 1024px) 100vw, 1024px\" \/><\/figure>\n\n\n\n<figure class=\"wp-block-image size-large\"><img loading=\"lazy\" decoding=\"async\" width=\"768\" height=\"1024\" data-id=\"130\" src=\"https:\/\/trialtoursportugal.com\/wp-content\/uploads\/2025\/07\/IMG_0188-768x1024.jpg\" alt=\"\" class=\"wp-image-130\" srcset=\"https:\/\/trialtoursportugal.com\/wp-content\/uploads\/2025\/07\/IMG_0188-768x1024.jpg 768w, https:\/\/trialtoursportugal.com\/wp-content\/uploads\/2025\/07\/IMG_0188-225x300.jpg 225w, https:\/\/trialtoursportugal.com\/wp-content\/uploads\/2025\/07\/IMG_0188-1152x1536.jpg 1152w, https:\/\/trialtoursportugal.com\/wp-content\/uploads\/2025\/07\/IMG_0188-1536x2048.jpg 1536w, https:\/\/trialtoursportugal.com\/wp-content\/uploads\/2025\/07\/IMG_0188-scaled.jpg 1920w\" sizes=\"auto, (max-width: 768px) 100vw, 768px\" \/><\/figure>\n\n\n\n<figure class=\"wp-block-image size-large\"><img loading=\"lazy\" decoding=\"async\" width=\"1024\" height=\"768\" data-id=\"131\" src=\"https:\/\/trialtoursportugal.com\/wp-content\/uploads\/2025\/07\/IMG_0794-1024x768.jpg\" alt=\"\" class=\"wp-image-131\" srcset=\"https:\/\/trialtoursportugal.com\/wp-content\/uploads\/2025\/07\/IMG_0794-1024x768.jpg 1024w, https:\/\/trialtoursportugal.com\/wp-content\/uploads\/2025\/07\/IMG_0794-300x225.jpg 300w, https:\/\/trialtoursportugal.com\/wp-content\/uploads\/2025\/07\/IMG_0794-768x576.jpg 768w, https:\/\/trialtoursportugal.com\/wp-content\/uploads\/2025\/07\/IMG_0794-1536x1152.jpg 1536w, https:\/\/trialtoursportugal.com\/wp-content\/uploads\/2025\/07\/IMG_0794-2048x1536.jpg 2048w, https:\/\/trialtoursportugal.com\/wp-content\/uploads\/2025\/07\/IMG_0794-124x93.jpg 124w\" sizes=\"auto, (max-width: 1024px) 100vw, 1024px\" \/><\/figure>\n<\/figure>\n","protected":false},"excerpt":{"rendered":"<p>Entre villages typiques, traditions, gastronomie et paysages vari\u00e9s, le Portugal offre un d\u00e9paysement \u00e0 seulement 2 heures \u00e0 vol d&#8217;avion. Le Portugal nous offre une combinaison parfaite de libert\u00e9, d&#8217;\u00e9vasion,<\/p>\n<p class=\"more-link\"><a href=\"https:\/\/trialtoursportugal.com\/?page_id=358\" class=\"readmore\">Continue reading<svg class=\"icon icon-arrow-right\" aria-hidden=\"true\" role=\"img\"> <use href=\"#icon-arrow-right\" xlink:href=\"#icon-arrow-right\"><\/use> <\/svg><span class=\"screen-reader-text\">D\u00e9couvrir le Portugal<\/span><\/a><\/p>\n","protected":false},"author":1,"featured_media":0,"parent":0,"menu_order":0,"comment_status":"closed","ping_status":"closed","template":"","meta":{"footnotes":""},"class_list":["post-358","page","type-page","status-publish","hentry"],"_links":{"self":[{"href":"https:\/\/trialtoursportugal.com\/index.php?rest_route=\/wp\/v2\/pages\/358","targetHints":{"allow":["GET"]}}],"collection":[{"href":"https:\/\/trialtoursportugal.com\/index.php?rest_route=\/wp\/v2\/pages"}],"about":[{"href":"https:\/\/trialtoursportugal.com\/index.php?rest_route=\/wp\/v2\/types\/page"}],"author":[{"embeddable":true,"href":"https:\/\/trialtoursportugal.com\/index.php?rest_route=\/wp\/v2\/users\/1"}],"replies":[{"embeddable":true,"href":"https:\/\/trialtoursportugal.com\/index.php?rest_route=%2Fwp%2Fv2%2Fcomments&post=358"}],"version-history":[{"count":34,"href":"https:\/\/trialtoursportugal.com\/index.php?rest_route=\/wp\/v2\/pages\/358\/revisions"}],"predecessor-version":[{"id":688,"href":"https:\/\/trialtoursportugal.com\/index.php?rest_route=\/wp\/v2\/pages\/358\/revisions\/688"}],"wp:attachment":[{"href":"https:\/\/trialtoursportugal.com\/index.php?rest_route=%2Fwp%2Fv2%2Fmedia&parent=358"}],"curies":[{"name":"wp","href":"https:\/\/api.w.org\/{rel}","templated":true}]}}