{"id":42,"date":"2025-07-05T11:57:38","date_gmt":"2025-07-05T11:57:38","guid":{"rendered":"http:\/\/trialtoursportugal.com\/?page_id=42"},"modified":"2026-01-12T16:06:32","modified_gmt":"2026-01-12T16:06:32","slug":"description-de-lactivite-3","status":"publish","type":"page","link":"https:\/\/trialtoursportugal.com\/?page_id=42","title":{"rendered":"Description de l&#8217;activit\u00e9"},"content":{"rendered":"\n<div class=\"wp-block-cover is-light\" style=\"min-height:534px;aspect-ratio:unset;\"><img loading=\"lazy\" decoding=\"async\" width=\"1230\" height=\"2560\" class=\"wp-block-cover__image-background wp-image-554 size-full\" alt=\"\" src=\"https:\/\/trialtoursportugal.com\/wp-content\/uploads\/2026\/01\/20251010_1857001-scaled.jpg\" style=\"object-position:45% 69%\" data-object-fit=\"cover\" data-object-position=\"45% 69%\" srcset=\"https:\/\/trialtoursportugal.com\/wp-content\/uploads\/2026\/01\/20251010_1857001-scaled.jpg 1230w, https:\/\/trialtoursportugal.com\/wp-content\/uploads\/2026\/01\/20251010_1857001-144x300.jpg 144w, https:\/\/trialtoursportugal.com\/wp-content\/uploads\/2026\/01\/20251010_1857001-492x1024.jpg 492w, https:\/\/trialtoursportugal.com\/wp-content\/uploads\/2026\/01\/20251010_1857001-768x1598.jpg 768w, https:\/\/trialtoursportugal.com\/wp-content\/uploads\/2026\/01\/20251010_1857001-738x1536.jpg 738w, https:\/\/trialtoursportugal.com\/wp-content\/uploads\/2026\/01\/20251010_1857001-984x2048.jpg 984w\" sizes=\"auto, (max-width: 1230px) 100vw, 1230px\" \/><span aria-hidden=\"true\" class=\"wp-block-cover__background has-background-dim-10 has-background-dim\" style=\"background-color:#84898f\"><\/span><div class=\"wp-block-cover__inner-container is-layout-constrained wp-block-cover-is-layout-constrained\">\n<p class=\"has-text-align-center has-large-font-size\"><\/p>\n<\/div><\/div>\n\n\n\n<p class=\"has-text-align-left\"><\/p>\n\n\n\n<p class=\"has-text-align-left\"><mark style=\"background-color:rgba(0, 0, 0, 0)\" class=\"has-inline-color has-white-color\">Haut lieu du tout terrain, les districts de Braga et Porto, dans le nord du Portugal, nous offrent une multitude de pistes, de sentiers, de chemins de montagne techniques&#8230; <\/mark><\/p>\n\n\n\n<p class=\"has-text-align-left\"><mark style=\"background-color:rgba(0, 0, 0, 0)\" class=\"has-inline-color has-white-color\">La randonn\u00e9e \u00e0 moto trial permet de parcourir des sites incroyables sur des centaines de kilom\u00e8tres.<\/mark><\/p>\n\n\n\n<p class=\"has-text-align-left\"><mark style=\"background-color:rgba(0, 0, 0, 0)\" class=\"has-inline-color has-white-color\">Gr\u00e2ce \u00e0 notre formule privatis\u00e9e (groupe de 2 \u00e0 6 personnes), tous les parcours sont adapt\u00e9s \u00e0 votre niveau technique, vos comp\u00e9tences et en fonction de vos envies.<\/mark><\/p>\n\n\n\n<p class=\"has-text-align-left\"><mark style=\"background-color:rgba(0, 0, 0, 0)\" class=\"has-inline-color has-white-color\">Au d\u00e9part de Santo Tirso, ville situ\u00e9e \u00e0 25 mins au nord de l&#8217;a\u00e9roport de Porto, nous proposons des randonn\u00e9es \u00e0 la journ\u00e9e entre oc\u00e9an et montagne. <\/mark><mark style=\"background-color:rgba(0, 0, 0, 0)\" class=\"has-inline-color has-white-color\">Nous empruntons des chemins larges, vallonn\u00e9s, sinueux, rocailleux, des passages techniques ( sans se mettre en danger ).<\/mark><\/p>\n\n\n\n<p class=\"has-text-align-left\"><mark style=\"background-color:rgba(0, 0, 0, 0)\" class=\"has-inline-color has-white-color\">Ouvert aux d\u00e9butants tout terrain, interm\u00e9diaires et niveaux confirm\u00e9s        ( permis moto obligatoire ).<\/mark><\/p>\n\n\n\n<p class=\"has-text-align-left\"><mark style=\"background-color:rgba(0, 0, 0, 0)\" class=\"has-inline-color has-white-color\">Un s\u00e9jour sportif avec une immersion totale dans la v\u00e9ritable vie portugaise<\/mark>.<\/p>\n\n\n\n<figure class=\"wp-block-gallery has-nested-images columns-default is-cropped wp-block-gallery-1 is-layout-flex wp-block-gallery-is-layout-flex\">\n<figure class=\"wp-block-image size-large\"><img loading=\"lazy\" decoding=\"async\" width=\"1024\" height=\"768\" data-id=\"136\" src=\"https:\/\/trialtoursportugal.com\/wp-content\/uploads\/2025\/07\/QRPJ8628-1024x768.jpg\" alt=\"\" class=\"wp-image-136\" srcset=\"https:\/\/trialtoursportugal.com\/wp-content\/uploads\/2025\/07\/QRPJ8628-1024x768.jpg 1024w, https:\/\/trialtoursportugal.com\/wp-content\/uploads\/2025\/07\/QRPJ8628-300x225.jpg 300w, https:\/\/trialtoursportugal.com\/wp-content\/uploads\/2025\/07\/QRPJ8628-768x576.jpg 768w, https:\/\/trialtoursportugal.com\/wp-content\/uploads\/2025\/07\/QRPJ8628-1536x1152.jpg 1536w, https:\/\/trialtoursportugal.com\/wp-content\/uploads\/2025\/07\/QRPJ8628-124x93.jpg 124w, https:\/\/trialtoursportugal.com\/wp-content\/uploads\/2025\/07\/QRPJ8628.jpg 2048w\" sizes=\"auto, (max-width: 1024px) 100vw, 1024px\" \/><\/figure>\n\n\n\n<figure class=\"wp-block-image size-large\"><img loading=\"lazy\" decoding=\"async\" width=\"1024\" height=\"768\" data-id=\"176\" src=\"https:\/\/trialtoursportugal.com\/wp-content\/uploads\/2025\/07\/IMG_0688-1024x768.jpg\" alt=\"\" class=\"wp-image-176\" srcset=\"https:\/\/trialtoursportugal.com\/wp-content\/uploads\/2025\/07\/IMG_0688-1024x768.jpg 1024w, https:\/\/trialtoursportugal.com\/wp-content\/uploads\/2025\/07\/IMG_0688-300x225.jpg 300w, https:\/\/trialtoursportugal.com\/wp-content\/uploads\/2025\/07\/IMG_0688-768x576.jpg 768w, https:\/\/trialtoursportugal.com\/wp-content\/uploads\/2025\/07\/IMG_0688-1536x1152.jpg 1536w, https:\/\/trialtoursportugal.com\/wp-content\/uploads\/2025\/07\/IMG_0688-2048x1536.jpg 2048w, https:\/\/trialtoursportugal.com\/wp-content\/uploads\/2025\/07\/IMG_0688-124x93.jpg 124w\" sizes=\"auto, (max-width: 1024px) 100vw, 1024px\" \/><\/figure>\n\n\n\n<figure class=\"wp-block-image size-large\"><img loading=\"lazy\" decoding=\"async\" width=\"1024\" height=\"576\" data-id=\"144\" src=\"https:\/\/trialtoursportugal.com\/wp-content\/uploads\/2025\/07\/PIWR3341-1024x576.jpg\" alt=\"\" class=\"wp-image-144\" srcset=\"https:\/\/trialtoursportugal.com\/wp-content\/uploads\/2025\/07\/PIWR3341-1024x576.jpg 1024w, https:\/\/trialtoursportugal.com\/wp-content\/uploads\/2025\/07\/PIWR3341-300x169.jpg 300w, https:\/\/trialtoursportugal.com\/wp-content\/uploads\/2025\/07\/PIWR3341-768x432.jpg 768w, https:\/\/trialtoursportugal.com\/wp-content\/uploads\/2025\/07\/PIWR3341-1536x864.jpg 1536w, https:\/\/trialtoursportugal.com\/wp-content\/uploads\/2025\/07\/PIWR3341.jpg 1600w\" sizes=\"auto, (max-width: 1024px) 100vw, 1024px\" \/><\/figure>\n\n\n\n<figure class=\"wp-block-image size-large\"><img loading=\"lazy\" decoding=\"async\" width=\"768\" height=\"1024\" data-id=\"239\" src=\"https:\/\/trialtoursportugal.com\/wp-content\/uploads\/2025\/07\/IMG_0796-1-768x1024.jpg\" alt=\"\" class=\"wp-image-239\" srcset=\"https:\/\/trialtoursportugal.com\/wp-content\/uploads\/2025\/07\/IMG_0796-1-768x1024.jpg 768w, https:\/\/trialtoursportugal.com\/wp-content\/uploads\/2025\/07\/IMG_0796-1-225x300.jpg 225w, https:\/\/trialtoursportugal.com\/wp-content\/uploads\/2025\/07\/IMG_0796-1-1152x1536.jpg 1152w, https:\/\/trialtoursportugal.com\/wp-content\/uploads\/2025\/07\/IMG_0796-1-1536x2048.jpg 1536w, https:\/\/trialtoursportugal.com\/wp-content\/uploads\/2025\/07\/IMG_0796-1-scaled.jpg 1920w\" sizes=\"auto, (max-width: 768px) 100vw, 768px\" \/><\/figure>\n\n\n\n<figure class=\"wp-block-image size-large\"><img loading=\"lazy\" decoding=\"async\" width=\"1024\" height=\"768\" data-id=\"236\" src=\"https:\/\/trialtoursportugal.com\/wp-content\/uploads\/2025\/07\/IMG_0794-2-1024x768.jpg\" alt=\"\" class=\"wp-image-236\" srcset=\"https:\/\/trialtoursportugal.com\/wp-content\/uploads\/2025\/07\/IMG_0794-2-1024x768.jpg 1024w, https:\/\/trialtoursportugal.com\/wp-content\/uploads\/2025\/07\/IMG_0794-2-300x225.jpg 300w, https:\/\/trialtoursportugal.com\/wp-content\/uploads\/2025\/07\/IMG_0794-2-768x576.jpg 768w, https:\/\/trialtoursportugal.com\/wp-content\/uploads\/2025\/07\/IMG_0794-2-1536x1152.jpg 1536w, https:\/\/trialtoursportugal.com\/wp-content\/uploads\/2025\/07\/IMG_0794-2-2048x1536.jpg 2048w, https:\/\/trialtoursportugal.com\/wp-content\/uploads\/2025\/07\/IMG_0794-2-124x93.jpg 124w\" sizes=\"auto, (max-width: 1024px) 100vw, 1024px\" \/><\/figure>\n\n\n\n<figure class=\"wp-block-image size-large\"><img loading=\"lazy\" decoding=\"async\" width=\"1024\" height=\"768\" data-id=\"162\" src=\"https:\/\/trialtoursportugal.com\/wp-content\/uploads\/2025\/07\/IMG_0723-1024x768.jpg\" alt=\"\" class=\"wp-image-162\" srcset=\"https:\/\/trialtoursportugal.com\/wp-content\/uploads\/2025\/07\/IMG_0723-1024x768.jpg 1024w, https:\/\/trialtoursportugal.com\/wp-content\/uploads\/2025\/07\/IMG_0723-300x225.jpg 300w, https:\/\/trialtoursportugal.com\/wp-content\/uploads\/2025\/07\/IMG_0723-768x576.jpg 768w, https:\/\/trialtoursportugal.com\/wp-content\/uploads\/2025\/07\/IMG_0723-1536x1152.jpg 1536w, https:\/\/trialtoursportugal.com\/wp-content\/uploads\/2025\/07\/IMG_0723-124x93.jpg 124w, https:\/\/trialtoursportugal.com\/wp-content\/uploads\/2025\/07\/IMG_0723.jpg 2048w\" sizes=\"auto, (max-width: 1024px) 100vw, 1024px\" \/><\/figure>\n\n\n\n<figure class=\"wp-block-image size-large\"><img loading=\"lazy\" decoding=\"async\" width=\"768\" height=\"1024\" data-id=\"193\" src=\"https:\/\/trialtoursportugal.com\/wp-content\/uploads\/2025\/07\/IMG_1042-768x1024.jpg\" alt=\"\" class=\"wp-image-193\" srcset=\"https:\/\/trialtoursportugal.com\/wp-content\/uploads\/2025\/07\/IMG_1042-768x1024.jpg 768w, https:\/\/trialtoursportugal.com\/wp-content\/uploads\/2025\/07\/IMG_1042-225x300.jpg 225w, https:\/\/trialtoursportugal.com\/wp-content\/uploads\/2025\/07\/IMG_1042-1152x1536.jpg 1152w, https:\/\/trialtoursportugal.com\/wp-content\/uploads\/2025\/07\/IMG_1042-1536x2048.jpg 1536w, https:\/\/trialtoursportugal.com\/wp-content\/uploads\/2025\/07\/IMG_1042-scaled.jpg 1920w\" sizes=\"auto, (max-width: 768px) 100vw, 768px\" \/><\/figure>\n<\/figure>\n","protected":false},"excerpt":{"rendered":"<p>Haut lieu du tout terrain, les districts de Braga et Porto, dans le nord du Portugal, nous offrent une multitude de pistes, de sentiers, de chemins de montagne techniques&#8230; La<\/p>\n<p class=\"more-link\"><a href=\"https:\/\/trialtoursportugal.com\/?page_id=42\" class=\"readmore\">Continue reading<svg class=\"icon icon-arrow-right\" aria-hidden=\"true\" role=\"img\"> <use href=\"#icon-arrow-right\" xlink:href=\"#icon-arrow-right\"><\/use> <\/svg><span class=\"screen-reader-text\">Description de l&#8217;activit\u00e9<\/span><\/a><\/p>\n","protected":false},"author":1,"featured_media":0,"parent":0,"menu_order":0,"comment_status":"closed","ping_status":"closed","template":"","meta":{"footnotes":""},"class_list":["post-42","page","type-page","status-publish","hentry"],"_links":{"self":[{"href":"https:\/\/trialtoursportugal.com\/index.php?rest_route=\/wp\/v2\/pages\/42","targetHints":{"allow":["GET"]}}],"collection":[{"href":"https:\/\/trialtoursportugal.com\/index.php?rest_route=\/wp\/v2\/pages"}],"about":[{"href":"https:\/\/trialtoursportugal.com\/index.php?rest_route=\/wp\/v2\/types\/page"}],"author":[{"embeddable":true,"href":"https:\/\/trialtoursportugal.com\/index.php?rest_route=\/wp\/v2\/users\/1"}],"replies":[{"embeddable":true,"href":"https:\/\/trialtoursportugal.com\/index.php?rest_route=%2Fwp%2Fv2%2Fcomments&post=42"}],"version-history":[{"count":44,"href":"https:\/\/trialtoursportugal.com\/index.php?rest_route=\/wp\/v2\/pages\/42\/revisions"}],"predecessor-version":[{"id":686,"href":"https:\/\/trialtoursportugal.com\/index.php?rest_route=\/wp\/v2\/pages\/42\/revisions\/686"}],"wp:attachment":[{"href":"https:\/\/trialtoursportugal.com\/index.php?rest_route=%2Fwp%2Fv2%2Fmedia&parent=42"}],"curies":[{"name":"wp","href":"https:\/\/api.w.org\/{rel}","templated":true}]}}